{"id":1418,"date":"2021-10-07T23:41:24","date_gmt":"2021-10-07T21:41:24","guid":{"rendered":"https:\/\/malgorzatanitek.pl\/?page_id=1418"},"modified":"2021-10-07T23:42:34","modified_gmt":"2021-10-07T21:42:34","slug":"polityka-prywatnosci","status":"publish","type":"page","link":"https:\/\/malgorzatanitek.pl\/?page_id=1418","title":{"rendered":"Polityka prywatno\u015bci"},"content":{"rendered":"\n<p>Niniejsza Polityka prywatno\u015bci zawiera informacje o celach i sposobach przetwarzania oraz bezpiecze\u0144stwie Pa\u0144stwa danych osobowych, jako u\u017cytkownik\u00f3w domeny malgorzatanitek.pl.<\/p>\n\n\n\n<p>Dane te s\u0105 przetwarzane zgodnie z Rozporz\u0105dzeniem Parlamentu Europejskiego i Rady (UE) z dnia 27 kwietnia 2016 roku w sprawie ochrony os\u00f3b fizycznych w zwi\u0105zku z przetwarzaniem danych osobowych i w sprawie swobodnego przep\u0142ywu takich danych oraz uchylenia dyrektywy 95\/46\/WE (\u201eRODO\u201d).<\/p>\n\n\n\n<ol type=\"1\"><li>Administratorem Pa\u0144stwa danych osobowych jest: Ma\u0142gorzata Nitek, us\u0142ugi mentoringowe z siedzib\u0105 w Krakowie, przy ul. Zygmunta Augusta 5\/2<\/li><li>Kontakt z Administratorem jest mo\u017cliwy za po\u015brednictwem poczty e-mail: kontakt@malgorzatanitek.pl<\/li><li>Pa\u0144stwa dane osobowe b\u0119d\u0119 przetwarza\u0107: w celu nawi\u0105zania kontaktu, aby udzieli\u0107 odpowiedzi na pytania zadane za po\u015brednictwem formularza kontaktowego.<\/li><\/ol>\n\n\n\n<p>4. Zakres przetwarzanych danych zosta\u0142 ograniczony do minimum niezb\u0119dnego do prowadzenia dzia\u0142alno\u015bci Fundacji Turkusowa Droga. Rodzaje informacji, jakie b\u0119dziemy gromadzi\u0107 na Pa\u0144stwa temat to:<\/p>\n\n\n\n<p>&#8211; imi\u0119 i nazwisko<\/p>\n\n\n\n<p>&#8211; adres e-mail<\/p>\n\n\n\n<p>&#8211;  tre\u015b\u0107 zapytania <\/p>\n\n\n\n<p>5. Pa\u0144stwa dane b\u0119d\u0105 przechowywane nie d\u0142u\u017cej ni\u017c jest to konieczne do czasu udzielenia odpowiedzi lub cofni\u0119cia zgody na ich przetwarzanie<\/p>\n\n\n\n<p>6. Jako u\u017cytkownikom strony <a href=\"http:\/\/www.turkusowadroga.pl\">www.malgorzatanitek.pl<\/a> przys\u0142uguje Pa\u0144stwu:<\/p>\n\n\n\n<p>&#8211; prawo dost\u0119pu do tre\u015bci danych osobowych<\/p>\n\n\n\n<p>&#8211; prawo do uaktualnienia, poprawy danych<\/p>\n\n\n\n<p>&#8211; prawo usuni\u0119cia danych b\u0105d\u017a wstrzymania ich przetwarzania<\/p>\n\n\n\n<p>&#8211; prawo do wniesienia sprzeciwu co do przetwarzania danych<\/p>\n\n\n\n<p>&#8211; prawo do przenoszenia danych<\/p>\n\n\n\n<p>&#8211; prawo do bycia zapomnianym<\/p>\n\n\n\n<p>&#8211; prawo do skargi do organu nadzorczego, czyli Prezesa Urz\u0119du Ochrony Danych Osobowych (ul. Stawki 2, 00-193 Warszawa).<\/p>\n\n\n\n<p>7. Jako administrator Pa\u0144stwa danych gwarantuj\u0119, \u017ce pozostan\u0105 one poufne, bezpieczne i nie b\u0119d\u0105 przekazywane innym podmiotom bez wyra\u017anej Pa\u0144stwa zgody.<\/p>\n\n\n\n<p>8. Niniejsza polityka mo\u017ce zosta\u0107 zmieniona, je\u015bli pojawi\u0105 si\u0119 nowe przepisy prawa, regulacje zwi\u0105zane z przechowywaniem danych osobowych b\u0105d\u017a w zwi\u0105zku z innymi istotnymi zmianami.<\/p>\n","protected":false},"excerpt":{"rendered":"<p>Niniejsza Polityka prywatno\u015bci zawiera informacje o celach i sposobach przetwarzania oraz bezpiecze\u0144stwie Pa\u0144stwa danych osobowych, jako u\u017cytkownik\u00f3w domeny malgorzatanitek.pl. Dane te s\u0105 przetwarzane zgodnie z Rozporz\u0105dzeniem Parlamentu Europejskiego i Rady (UE) z dnia 27 kwietnia 2016 roku w sprawie ochrony os\u00f3b fizycznych w zwi\u0105zku z przetwarzaniem danych osobowych i w sprawie swobodnego przep\u0142ywu takich danych [&hellip;]<\/p>\n","protected":false},"author":1,"featured_media":0,"parent":0,"menu_order":0,"comment_status":"closed","ping_status":"closed","template":"","meta":[],"_links":{"self":[{"href":"https:\/\/malgorzatanitek.pl\/index.php?rest_route=\/wp\/v2\/pages\/1418"}],"collection":[{"href":"https:\/\/malgorzatanitek.pl\/index.php?rest_route=\/wp\/v2\/pages"}],"about":[{"href":"https:\/\/malgorzatanitek.pl\/index.php?rest_route=\/wp\/v2\/types\/page"}],"author":[{"embeddable":true,"href":"https:\/\/malgorzatanitek.pl\/index.php?rest_route=\/wp\/v2\/users\/1"}],"replies":[{"embeddable":true,"href":"https:\/\/malgorzatanitek.pl\/index.php?rest_route=%2Fwp%2Fv2%2Fcomments&post=1418"}],"version-history":[{"count":2,"href":"https:\/\/malgorzatanitek.pl\/index.php?rest_route=\/wp\/v2\/pages\/1418\/revisions"}],"predecessor-version":[{"id":1421,"href":"https:\/\/malgorzatanitek.pl\/index.php?rest_route=\/wp\/v2\/pages\/1418\/revisions\/1421"}],"wp:attachment":[{"href":"https:\/\/malgorzatanitek.pl\/index.php?rest_route=%2Fwp%2Fv2%2Fmedia&parent=1418"}],"curies":[{"name":"wp","href":"https:\/\/api.w.org\/{rel}","templated":true}]}}