{"id":591,"date":"2021-08-30T11:00:10","date_gmt":"2021-08-30T09:00:10","guid":{"rendered":"https:\/\/malgorzatanitek.pl\/?page_id=591"},"modified":"2023-02-19T18:34:52","modified_gmt":"2023-02-19T17:34:52","slug":"odpornosc-psychiczna","status":"publish","type":"page","link":"https:\/\/malgorzatanitek.pl\/?page_id=591","title":{"rendered":"Odporno\u015b\u0107 psychiczna"},"content":{"rendered":"\t\t<div data-elementor-type=\"wp-page\" data-elementor-id=\"591\" class=\"elementor elementor-591\" data-elementor-settings=\"[]\">\r\n\t\t\t\t\t\t<div class=\"elementor-inner\">\r\n\t\t\t\t\t\t\t<div class=\"elementor-section-wrap\">\r\n\t\t\t\t\t\t\t<section class=\"has_ma_el_bg_slider elementor-section elementor-top-section elementor-element elementor-element-4961466 elementor-section-boxed elementor-section-height-default elementor-section-height-default\" data-id=\"4961466\" data-element_type=\"section\" data-settings=\"{&quot;background_background&quot;:&quot;classic&quot;}\">\r\n\t\t\t\t\t\t<div class=\"elementor-container elementor-column-gap-default\">\r\n\t\t\t\t\t\t\t<div class=\"elementor-row\">\r\n\t\t\t\t\t<div class=\"has_ma_el_bg_slider elementor-column elementor-col-66 elementor-top-column elementor-element elementor-element-7936fb7\" data-id=\"7936fb7\" data-element_type=\"column\">\r\n\t\t\t<div class=\"elementor-column-wrap elementor-element-populated\">\r\n\t\t\t\t\t\t\t<div class=\"elementor-widget-wrap\">\r\n\t\t\t\t\t\t<div class=\"elementor-element elementor-element-9f6d223 elementor-widget elementor-widget-heading\" data-id=\"9f6d223\" data-element_type=\"widget\" data-widget_type=\"heading.default\">\r\n\t\t\t\t<div class=\"elementor-widget-container\">\r\n\t\t\t<h2 class=\"elementor-heading-title elementor-size-default\">Buduj poczucie w\u0142asnej warto\u015bci <br>- trening odporno\u015bci psychicznej<\/h2>\t\t<\/div>\r\n\t\t\t\t<\/div>\r\n\t\t\t\t\t\t<\/div>\r\n\t\t\t\t\t<\/div>\r\n\t\t<\/div>\r\n\t\t\t\t<div class=\"has_ma_el_bg_slider elementor-column elementor-col-33 elementor-top-column elementor-element elementor-element-3ccd5a1\" data-id=\"3ccd5a1\" data-element_type=\"column\">\r\n\t\t\t<div class=\"elementor-column-wrap elementor-element-populated\">\r\n\t\t\t\t\t\t\t<div class=\"elementor-widget-wrap\">\r\n\t\t\t\t\t\t<div class=\"elementor-element elementor-element-46df550 elementor-widget elementor-widget-text-editor\" data-id=\"46df550\" data-element_type=\"widget\" data-widget_type=\"text-editor.default\">\r\n\t\t\t\t<div class=\"elementor-widget-container\">\r\n\t\t\t\t\t\t\t\t<div class=\"elementor-text-editor elementor-clearfix\">\r\n\t\t\t\t<p><b>Czas trwania sesji &#8211; 60 minut<\/b><\/p><p><b>Cena &#8211; 350 z\u0142<\/b><\/p><p><b>Pierwsza sesja jest bezp\u0142atna i do niczego nie zobowi\u0105zuje. To moment na poznanie mnie i narz\u0119dzi, jakie wykorzystuj\u0119. Potem decydujesz, czy chcesz wsp\u00f3\u0142pracowa\u0107<\/b>.\u00a0<\/p><p><b>Pracuj\u0119 tak\u017ce online<\/b><\/p><p>\u00a0<\/p>\t\t\t\t\t<\/div>\r\n\t\t\t\t\t\t<\/div>\r\n\t\t\t\t<\/div>\r\n\t\t\t\t<div class=\"elementor-element elementor-element-f63da65 elementor-mobile-align-right elementor-widget elementor-widget-button\" data-id=\"f63da65\" data-element_type=\"widget\" data-widget_type=\"button.default\">\r\n\t\t\t\t<div class=\"elementor-widget-container\">\r\n\t\t\t\t\t<div class=\"elementor-button-wrapper\">\r\n\t\t\t<a href=\"https:\/\/malgorzatanitek.pl\/?page_id=654\" class=\"elementor-button-link elementor-button elementor-size-sm elementor-animation-grow\" role=\"button\">\r\n\t\t\t\t\t\t<span class=\"elementor-button-content-wrapper\">\r\n\t\t\t\t\t\t<span class=\"elementor-button-text\">Um\u00f3w si\u0119 tutaj<\/span>\r\n\t\t<\/span>\r\n\t\t\t\t\t<\/a>\r\n\t\t<\/div>\r\n\t\t\t\t<\/div>\r\n\t\t\t\t<\/div>\r\n\t\t\t\t\t\t<\/div>\r\n\t\t\t\t\t<\/div>\r\n\t\t<\/div>\r\n\t\t\t\t\t\t\t\t<\/div>\r\n\t\t\t\t\t<\/div>\r\n\t\t<\/section>\r\n\t\t\t\t<section class=\"has_ma_el_bg_slider elementor-section elementor-top-section elementor-element elementor-element-e88afe4 elementor-section-full_width elementor-section-height-default elementor-section-height-default\" data-id=\"e88afe4\" data-element_type=\"section\">\r\n\t\t\t\t\t\t<div class=\"elementor-container elementor-column-gap-default\">\r\n\t\t\t\t\t\t\t<div class=\"elementor-row\">\r\n\t\t\t\t\t<div class=\"has_ma_el_bg_slider elementor-column elementor-col-66 elementor-top-column elementor-element elementor-element-a458f15\" data-id=\"a458f15\" data-element_type=\"column\">\r\n\t\t\t<div class=\"elementor-column-wrap elementor-element-populated\">\r\n\t\t\t\t\t\t\t<div class=\"elementor-widget-wrap\">\r\n\t\t\t\t\t\t<div class=\"elementor-element elementor-element-094ceb2 elementor-widget elementor-widget-text-editor\" data-id=\"094ceb2\" data-element_type=\"widget\" data-widget_type=\"text-editor.default\">\r\n\t\t\t\t<div class=\"elementor-widget-container\">\r\n\t\t\t\t\t\t\t\t<div class=\"elementor-text-editor elementor-clearfix\">\r\n\t\t\t\t<p><b>Badania<\/b> prowadzone w \u015brodowiskach biznesowych, edukacyjnych i sportowych wskazuj\u0105, \u017ce wysoka odporno\u015b\u0107 psychiczna jest bezpo\u015brednio zwi\u0105zana z:<\/p><p><b>wydajno\u015bci\u0105<\/b> &#8211; takie osoby s\u0105 bardziej efektywne w ilo\u015bci i jako\u015bci wykonywanych zada\u0144<\/p><p><b>zaanga\u017cowaniem <\/b>&#8211;<b>\u00a0<\/b>cz\u0119\u015bciej przyjmuj\u0105 postaw\u0119 &#8222;dam rad\u0119&#8221;, \u0142atwiej jest im zaakceptowa\u0107 zmian\u0119, dostrzec pozytywne aspekty tam, gdzie inni widz\u0105 tylko negatywy<\/p><p><b>dobrostanem<\/b> &#8211; maj\u0105 umiej\u0119tno\u015b\u0107 postrzegania niepowodze\u0144 w odpowiednich proporcjach i szybciej wracaj\u0105 do psychicznej r\u00f3wnowagi, \u0142atwiej si\u0119 relaksuj\u0105, lepiej \u015bpi\u0105.<\/p><p>Odporno\u015b\u0107 psychiczna, zw\u0142aszcza dzi\u015b, w czasach dynamicznych i zaskakuj\u0105cych zmian staje si\u0119 istotn\u0105 kompetencj\u0105 \u017cyciow\u0105. I b\u0119dzie jeszcze bardziej zyskiwa\u0107 na znaczeniu. Warto j\u0105 trenowa\u0107. Nikt nie rodzi si\u0119 pewny siebie, wysokie poczucie w\u0142asnej warto\u015bci budujemy ka\u017cdego dnia.\u00a0<\/p><p><b>Co zyskujesz podczas treningu odporno\u015bci psychicznej:<\/b><\/p><p>&#8211; umiej\u0119tno\u015b\u0107 zarz\u0105dzania emocjami<\/p><p>&#8211; poczucie wp\u0142ywu na w\u0142asne \u017cycie<\/p><p>&#8211; pewno\u015b\u0107 siebie, tak\u017ce w relacjach z innymi<\/p><p>&#8211; wiar\u0119 we w\u0142asne umiej\u0119tno\u015bci<\/p><p>Podczas sesji mentoringowej otrzymasz zestaw sprawdzonych narz\u0119dzi do budowania w\u0142asnej odporno\u015bci psychicznej. Od Ciebie zale\u017cy, czy i jak szybko wdro\u017cysz je w \u017cycie. Ja w tym procesie dostarczam wiedz\u0119, daj\u0119 feedback, towarzysz\u0119, wspieram, dbam o dobr\u0105 atmosfer\u0119.<\/p>\t\t\t\t\t<\/div>\r\n\t\t\t\t\t\t<\/div>\r\n\t\t\t\t<\/div>\r\n\t\t\t\t\t\t<\/div>\r\n\t\t\t\t\t<\/div>\r\n\t\t<\/div>\r\n\t\t\t\t<div class=\"has_ma_el_bg_slider elementor-column elementor-col-33 elementor-top-column elementor-element elementor-element-08b0cc8\" data-id=\"08b0cc8\" data-element_type=\"column\">\r\n\t\t\t<div class=\"elementor-column-wrap elementor-element-populated\">\r\n\t\t\t\t\t\t\t<div class=\"elementor-widget-wrap\">\r\n\t\t\t\t\t\t<div class=\"elementor-element elementor-element-1562706 elementor-widget elementor-widget-image\" data-id=\"1562706\" data-element_type=\"widget\" data-widget_type=\"image.default\">\r\n\t\t\t\t<div class=\"elementor-widget-container\">\r\n\t\t\t\t\t\t\t\t<div class=\"elementor-image\">\r\n\t\t\t\t\t\t\t\t\t\t\t\t<img width=\"724\" height=\"1024\" src=\"https:\/\/malgorzatanitek.pl\/wp-content\/uploads\/2021\/08\/ja-kwiatki-724x1024.jpeg\" class=\"attachment-large size-large\" alt=\"\" loading=\"lazy\" srcset=\"https:\/\/malgorzatanitek.pl\/wp-content\/uploads\/2021\/08\/ja-kwiatki-724x1024.jpeg 724w, https:\/\/malgorzatanitek.pl\/wp-content\/uploads\/2021\/08\/ja-kwiatki-212x300.jpeg 212w, https:\/\/malgorzatanitek.pl\/wp-content\/uploads\/2021\/08\/ja-kwiatki-768x1086.jpeg 768w, https:\/\/malgorzatanitek.pl\/wp-content\/uploads\/2021\/08\/ja-kwiatki-1086x1536.jpeg 1086w, https:\/\/malgorzatanitek.pl\/wp-content\/uploads\/2021\/08\/ja-kwiatki-1448x2048.jpeg 1448w, https:\/\/malgorzatanitek.pl\/wp-content\/uploads\/2021\/08\/ja-kwiatki-500x707.jpeg 500w, https:\/\/malgorzatanitek.pl\/wp-content\/uploads\/2021\/08\/ja-kwiatki-800x1132.jpeg 800w, https:\/\/malgorzatanitek.pl\/wp-content\/uploads\/2021\/08\/ja-kwiatki-1280x1811.jpeg 1280w, https:\/\/malgorzatanitek.pl\/wp-content\/uploads\/2021\/08\/ja-kwiatki.jpeg 1587w\" sizes=\"(max-width: 724px) 100vw, 724px\" \/>\t\t\t\t\t\t\t\t\t\t\t\t\t\t<\/div>\r\n\t\t\t\t\t\t<\/div>\r\n\t\t\t\t<\/div>\r\n\t\t\t\t\t\t<\/div>\r\n\t\t\t\t\t<\/div>\r\n\t\t<\/div>\r\n\t\t\t\t\t\t\t\t<\/div>\r\n\t\t\t\t\t<\/div>\r\n\t\t<\/section>\r\n\t\t\t\t<section class=\"has_ma_el_bg_slider elementor-section elementor-top-section elementor-element elementor-element-cf6cfd6 elementor-section-boxed elementor-section-height-default elementor-section-height-default\" data-id=\"cf6cfd6\" data-element_type=\"section\" data-settings=\"{&quot;background_background&quot;:&quot;classic&quot;}\">\r\n\t\t\t\t\t\t<div class=\"elementor-container elementor-column-gap-default\">\r\n\t\t\t\t\t\t\t<div class=\"elementor-row\">\r\n\t\t\t\t\t<div class=\"has_ma_el_bg_slider elementor-column elementor-col-100 elementor-top-column elementor-element elementor-element-7be4642\" data-id=\"7be4642\" data-element_type=\"column\">\r\n\t\t\t<div class=\"elementor-column-wrap elementor-element-populated\">\r\n\t\t\t\t\t\t\t<div class=\"elementor-widget-wrap\">\r\n\t\t\t\t\t\t<div class=\"elementor-element elementor-element-dfc9406 elementor-widget elementor-widget-heading\" data-id=\"dfc9406\" data-element_type=\"widget\" data-widget_type=\"heading.default\">\r\n\t\t\t\t<div class=\"elementor-widget-container\">\r\n\t\t\t<h2 class=\"elementor-heading-title elementor-size-default\">TEST MTQ 48- zbadaj odporno\u015b\u0107 psychiczn\u0105 <\/h2>\t\t<\/div>\r\n\t\t\t\t<\/div>\r\n\t\t\t\t\t\t<\/div>\r\n\t\t\t\t\t<\/div>\r\n\t\t<\/div>\r\n\t\t\t\t\t\t\t\t<\/div>\r\n\t\t\t\t\t<\/div>\r\n\t\t<\/section>\r\n\t\t\t\t<section class=\"has_ma_el_bg_slider elementor-section elementor-top-section elementor-element elementor-element-14012c3 elementor-section-full_width elementor-section-height-default elementor-section-height-default\" data-id=\"14012c3\" data-element_type=\"section\">\r\n\t\t\t\t\t\t<div class=\"elementor-container elementor-column-gap-default\">\r\n\t\t\t\t\t\t\t<div class=\"elementor-row\">\r\n\t\t\t\t\t<div class=\"has_ma_el_bg_slider elementor-column elementor-col-25 elementor-top-column elementor-element elementor-element-f0783ff\" data-id=\"f0783ff\" data-element_type=\"column\">\r\n\t\t\t<div class=\"elementor-column-wrap elementor-element-populated\">\r\n\t\t\t\t\t\t\t<div class=\"elementor-widget-wrap\">\r\n\t\t\t\t\t\t<div class=\"elementor-element elementor-element-9ae4ed6 elementor-widget elementor-widget-text-editor\" data-id=\"9ae4ed6\" data-element_type=\"widget\" data-widget_type=\"text-editor.default\">\r\n\t\t\t\t<div class=\"elementor-widget-container\">\r\n\t\t\t\t\t\t\t\t<div class=\"elementor-text-editor elementor-clearfix\">\r\n\t\t\t\t<p><b>Test MTQ48<\/b> to narz\u0119dzie psychometryczne mierz\u0105ce odporno\u015b\u0107 psychiczn\u0105, czyli umiej\u0119tno\u015bci skutecznego radzenia sobie ze stresem, trudno\u015bciami, wyzwaniami, presj\u0105 otoczenia.<\/p>\n<p>Model opracowany przez AQR International wyr\u00f3\u017cnia i analizuje cztery kluczowe dla odporno\u015bci psychicznej obszary:<\/p>\n<p><strong style=\"background-color: transparent;\">1. wyzwanie:&nbsp; <\/strong><span style=\"background-color: transparent;\">postrzeganie wyzwania jako szansy;<\/span><\/p>\n<p><strong style=\"background-color: transparent; font-size: 1rem;\">2. pewno\u015b\u0107 siebie:&nbsp;<\/strong><span style=\"background-color: transparent; font-size: 1rem;\">wysoki poziom wiary w siebie;<\/span><\/p>\n<p><strong style=\"background-color: transparent;\">3. zaanga\u017cowanie:&nbsp; <\/strong><span style=\"background-color: transparent; font-size: 1rem;\">wytrwa\u0142o\u015b\u0107 w realizowaniu zada\u0144,<\/span><\/p>\n<p><strong style=\"background-color: transparent;\">4. poczucie wp\u0142ywu: <\/strong><span style=\"background-color: transparent;\">przekonanie o tym, \u017ce kontroluje sie\u0328 sw\u00f3j los.<\/span><\/p>\n<p><span style=\"background-color: transparent;\">Taka diagnoza pozwala zobaczy\u0107 zale\u017cno\u015bci mi\u0119dzy r\u00f3\u017cnymi aspektami naszych dzia\u0142a\u0144 i lepiej zarz\u0105dzi\u0107 zmian\u0105.<\/span><\/p>\n<p class=\"MsoNormal\" style=\"margin: 0cm; font-size: 12pt; font-family: Calibri, sans-serif; color: #000000;\">\n<\/p>\t\t\t\t\t<\/div>\r\n\t\t\t\t\t\t<\/div>\r\n\t\t\t\t<\/div>\r\n\t\t\t\t\t\t<\/div>\r\n\t\t\t\t\t<\/div>\r\n\t\t<\/div>\r\n\t\t\t\t<div class=\"has_ma_el_bg_slider elementor-column elementor-col-50 elementor-top-column elementor-element elementor-element-e2aec20\" data-id=\"e2aec20\" data-element_type=\"column\">\r\n\t\t\t<div class=\"elementor-column-wrap elementor-element-populated\">\r\n\t\t\t\t\t\t\t<div class=\"elementor-widget-wrap\">\r\n\t\t\t\t\t\t<div class=\"elementor-element elementor-element-35b9434 elementor-widget elementor-widget-image\" data-id=\"35b9434\" data-element_type=\"widget\" data-widget_type=\"image.default\">\r\n\t\t\t\t<div class=\"elementor-widget-container\">\r\n\t\t\t\t\t\t\t\t<div class=\"elementor-image\">\r\n\t\t\t\t\t\t\t\t\t\t\t\t<img width=\"800\" height=\"780\" src=\"https:\/\/malgorzatanitek.pl\/wp-content\/uploads\/2021\/08\/MTQ48-1024x998.png\" class=\"attachment-large size-large\" alt=\"\" loading=\"lazy\" srcset=\"https:\/\/malgorzatanitek.pl\/wp-content\/uploads\/2021\/08\/MTQ48-1024x998.png 1024w, https:\/\/malgorzatanitek.pl\/wp-content\/uploads\/2021\/08\/MTQ48-300x292.png 300w, https:\/\/malgorzatanitek.pl\/wp-content\/uploads\/2021\/08\/MTQ48-768x749.png 768w, https:\/\/malgorzatanitek.pl\/wp-content\/uploads\/2021\/08\/MTQ48-500x487.png 500w, https:\/\/malgorzatanitek.pl\/wp-content\/uploads\/2021\/08\/MTQ48-800x780.png 800w, https:\/\/malgorzatanitek.pl\/wp-content\/uploads\/2021\/08\/MTQ48-1280x1248.png 1280w, https:\/\/malgorzatanitek.pl\/wp-content\/uploads\/2021\/08\/MTQ48.png 1348w\" sizes=\"(max-width: 800px) 100vw, 800px\" \/>\t\t\t\t\t\t\t\t\t\t\t\t\t\t<\/div>\r\n\t\t\t\t\t\t<\/div>\r\n\t\t\t\t<\/div>\r\n\t\t\t\t\t\t<\/div>\r\n\t\t\t\t\t<\/div>\r\n\t\t<\/div>\r\n\t\t\t\t<div class=\"has_ma_el_bg_slider elementor-column elementor-col-25 elementor-top-column elementor-element elementor-element-770ef0c\" data-id=\"770ef0c\" data-element_type=\"column\">\r\n\t\t\t<div class=\"elementor-column-wrap elementor-element-populated\">\r\n\t\t\t\t\t\t\t<div class=\"elementor-widget-wrap\">\r\n\t\t\t\t\t\t<div class=\"elementor-element elementor-element-5f81345 elementor-widget elementor-widget-text-editor\" data-id=\"5f81345\" data-element_type=\"widget\" data-widget_type=\"text-editor.default\">\r\n\t\t\t\t<div class=\"elementor-widget-container\">\r\n\t\t\t\t\t\t\t\t<div class=\"elementor-text-editor elementor-clearfix\">\r\n\t\t\t\t<p><strong>Odporno\u015b\u0107 psychiczna<\/strong>&nbsp;\u2013 to \u201eco\u015b\u201d, co sprawia, \u017ce osoby z takimi samymi kwalifikacjami i w takim samym otoczeniu s\u0105 (lub nie s\u0105) efektywne oraz osia\u0328gaj\u0105 (lub nie) maksymalne rezultaty dzia\u0142a\u0144. To ona ma istotny wp\u0142yw cho\u0107by na sukcesy sportowc\u00f3w. W\u0142a\u015bnie na fundamencie do\u015bwiadcze\u0144 w sporcie powsta\u0142 model MTQ48.<\/p>\n<p><span style=\"font-family: Montserrat, sans-serif; font-size: 1rem;\">Jego autorzy &#8211; Doug Strycharczyk i Peter Clough \u2013 twierdz\u0105, \u017ce cho\u0107&nbsp;<\/span><span style=\"font-family: Montserrat, sans-serif; font-size: 1rem;\">odporno\u015b\u0107 psychiczna<\/span><span style=\"font-family: Montserrat, sans-serif; font-size: 1rem;\">&nbsp;ma \u017ar\u00f3d\u0142o w genach,&nbsp;<\/span><span style=\"font-family: Montserrat, sans-serif; font-size: 1rem;\">mamy znacz\u0105cy wp\u0142yw na jej wzmacnianie i&nbsp; mo\u017cemy z ni\u0105 pracowa\u0107 rozwojowo<\/span><span style=\"font-family: Montserrat, sans-serif; font-size: 1rem;\">. Dzi\u0119ki temu, <b>r\u00f3wnie\u017c bardziej wra\u017cliwe osoby dostaj\u0105 skuteczne narz\u0119dzia, by mog\u0142y dzia\u0142a\u0107 tak, jakby by\u0142y odporne psychicznie.<\/b><\/span><\/p>\n<p><span style=\"font-size: 1rem;\">W kwestionariuszu dost\u0119pnym on-line,&nbsp; znajduje si\u0119 48 pyta\u0144. Jego wype\u0142nienie zajmuje 10-15 minut.<\/span><\/p>\n<p><\/p>\t\t\t\t\t<\/div>\r\n\t\t\t\t\t\t<\/div>\r\n\t\t\t\t<\/div>\r\n\t\t\t\t\t\t<\/div>\r\n\t\t\t\t\t<\/div>\r\n\t\t<\/div>\r\n\t\t\t\t\t\t\t\t<\/div>\r\n\t\t\t\t\t<\/div>\r\n\t\t<\/section>\r\n\t\t\t\t<section class=\"has_ma_el_bg_slider elementor-section elementor-top-section elementor-element elementor-element-b2f398a elementor-section-boxed elementor-section-height-default elementor-section-height-default\" data-id=\"b2f398a\" data-element_type=\"section\" data-settings=\"{&quot;background_background&quot;:&quot;classic&quot;}\">\r\n\t\t\t\t\t\t<div class=\"elementor-container elementor-column-gap-default\">\r\n\t\t\t\t\t\t\t<div class=\"elementor-row\">\r\n\t\t\t\t\t<div class=\"has_ma_el_bg_slider elementor-column elementor-col-50 elementor-top-column elementor-element elementor-element-832080d\" data-id=\"832080d\" data-element_type=\"column\">\r\n\t\t\t<div class=\"elementor-column-wrap elementor-element-populated\">\r\n\t\t\t\t\t\t\t<div class=\"elementor-widget-wrap\">\r\n\t\t\t\t\t\t<div class=\"elementor-element elementor-element-f476e51 elementor-widget elementor-widget-heading\" data-id=\"f476e51\" data-element_type=\"widget\" data-widget_type=\"heading.default\">\r\n\t\t\t\t<div class=\"elementor-widget-container\">\r\n\t\t\t<p class=\"elementor-heading-title elementor-size-medium\">Prac\u0119 nad zwi\u0119kszaniem odporno\u015bci psychicznej mo\u017cemy zacz\u0105\u0107 od wykonania przez Ciebie testu MTQ48. <br>Potem ja interpretuj\u0119 wyniki i przedstawiam na sesji wraz z planem treningu. Test nie jest jednak obowi\u0105zkowy.<br><br>Druga opcja to wykonanie testu i jedna sesja, na kt\u00f3rej, pr\u00f3cz interpretacji wynik\u00f3w, dostajesz konkretne wskaz\u00f3wki i narz\u0119dzia do samodzielnej pracy.<br><br><br><b>Koszt takiej sesji <br>wraz z cen\u0105 test<\/b>u<br>to 800<b> z\u0142 <\/b><\/p>\t\t<\/div>\r\n\t\t\t\t<\/div>\r\n\t\t\t\t\t\t<\/div>\r\n\t\t\t\t\t<\/div>\r\n\t\t<\/div>\r\n\t\t\t\t<div class=\"has_ma_el_bg_slider elementor-column elementor-col-50 elementor-top-column elementor-element elementor-element-992e175\" data-id=\"992e175\" data-element_type=\"column\">\r\n\t\t\t<div class=\"elementor-column-wrap elementor-element-populated\">\r\n\t\t\t\t\t\t\t<div class=\"elementor-widget-wrap\">\r\n\t\t\t\t\t\t<div class=\"elementor-element elementor-element-b56f7c5 elementor-widget elementor-widget-image\" data-id=\"b56f7c5\" data-element_type=\"widget\" data-widget_type=\"image.default\">\r\n\t\t\t\t<div class=\"elementor-widget-container\">\r\n\t\t\t\t\t\t\t\t<div class=\"elementor-image\">\r\n\t\t\t\t\t\t\t\t\t\t\t\t<img width=\"635\" height=\"458\" src=\"https:\/\/malgorzatanitek.pl\/wp-content\/uploads\/2021\/08\/IMG_5591-1-e1630424725461.jpg\" class=\"attachment-large size-large\" alt=\"\" loading=\"lazy\" srcset=\"https:\/\/malgorzatanitek.pl\/wp-content\/uploads\/2021\/08\/IMG_5591-1-e1630424725461.jpg 635w, https:\/\/malgorzatanitek.pl\/wp-content\/uploads\/2021\/08\/IMG_5591-1-e1630424725461-300x216.jpg 300w, https:\/\/malgorzatanitek.pl\/wp-content\/uploads\/2021\/08\/IMG_5591-1-e1630424725461-500x361.jpg 500w\" sizes=\"(max-width: 635px) 100vw, 635px\" \/>\t\t\t\t\t\t\t\t\t\t\t\t\t\t<\/div>\r\n\t\t\t\t\t\t<\/div>\r\n\t\t\t\t<\/div>\r\n\t\t\t\t\t\t<\/div>\r\n\t\t\t\t\t<\/div>\r\n\t\t<\/div>\r\n\t\t\t\t\t\t\t\t<\/div>\r\n\t\t\t\t\t<\/div>\r\n\t\t<\/section>\r\n\t\t\t\t\t\t<\/div>\r\n\t\t\t\t\t\t<\/div>\r\n\t\t\t\t\t<\/div>\r\n\t\t","protected":false},"excerpt":{"rendered":"<p>Buduj poczucie w\u0142asnej warto\u015bci &#8211; trening odporno\u015bci psychicznej Czas trwania sesji &#8211; 60 minut Cena &#8211; 350 z\u0142 Pierwsza sesja jest bezp\u0142atna i do niczego nie zobowi\u0105zuje. To moment na poznanie mnie i narz\u0119dzi, jakie wykorzystuj\u0119. Potem decydujesz, czy chcesz wsp\u00f3\u0142pracowa\u0107.\u00a0 Pracuj\u0119 tak\u017ce online \u00a0 Um\u00f3w si\u0119 tutaj Badania prowadzone w \u015brodowiskach biznesowych, edukacyjnych i [&hellip;]<\/p>\n","protected":false},"author":1,"featured_media":0,"parent":0,"menu_order":0,"comment_status":"closed","ping_status":"closed","template":"elementor_header_footer","meta":[],"_links":{"self":[{"href":"https:\/\/malgorzatanitek.pl\/index.php?rest_route=\/wp\/v2\/pages\/591"}],"collection":[{"href":"https:\/\/malgorzatanitek.pl\/index.php?rest_route=\/wp\/v2\/pages"}],"about":[{"href":"https:\/\/malgorzatanitek.pl\/index.php?rest_route=\/wp\/v2\/types\/page"}],"author":[{"embeddable":true,"href":"https:\/\/malgorzatanitek.pl\/index.php?rest_route=\/wp\/v2\/users\/1"}],"replies":[{"embeddable":true,"href":"https:\/\/malgorzatanitek.pl\/index.php?rest_route=%2Fwp%2Fv2%2Fcomments&post=591"}],"version-history":[{"count":146,"href":"https:\/\/malgorzatanitek.pl\/index.php?rest_route=\/wp\/v2\/pages\/591\/revisions"}],"predecessor-version":[{"id":1504,"href":"https:\/\/malgorzatanitek.pl\/index.php?rest_route=\/wp\/v2\/pages\/591\/revisions\/1504"}],"wp:attachment":[{"href":"https:\/\/malgorzatanitek.pl\/index.php?rest_route=%2Fwp%2Fv2%2Fmedia&parent=591"}],"curies":[{"name":"wp","href":"https:\/\/api.w.org\/{rel}","templated":true}]}}