{"id":619,"date":"2021-08-30T15:06:09","date_gmt":"2021-08-30T13:06:09","guid":{"rendered":"https:\/\/malgorzatanitek.pl\/?page_id=619"},"modified":"2021-09-06T11:41:36","modified_gmt":"2021-09-06T09:41:36","slug":"poznaj-mnie","status":"publish","type":"page","link":"https:\/\/malgorzatanitek.pl\/?page_id=619","title":{"rendered":"Poznaj mnie"},"content":{"rendered":"\t\t<div data-elementor-type=\"wp-page\" data-elementor-id=\"619\" class=\"elementor elementor-619\" data-elementor-settings=\"[]\">\r\n\t\t\t\t\t\t<div class=\"elementor-inner\">\r\n\t\t\t\t\t\t\t<div class=\"elementor-section-wrap\">\r\n\t\t\t\t\t\t\t<section class=\"has_ma_el_bg_slider elementor-section elementor-top-section elementor-element elementor-element-5c12438 elementor-section-full_width elementor-section-height-default elementor-section-height-default\" data-id=\"5c12438\" data-element_type=\"section\">\r\n\t\t\t\t\t\t<div class=\"elementor-container elementor-column-gap-default\">\r\n\t\t\t\t\t\t\t<div class=\"elementor-row\">\r\n\t\t\t\t\t<div class=\"has_ma_el_bg_slider elementor-column elementor-col-33 elementor-top-column elementor-element elementor-element-2e36bd1\" data-id=\"2e36bd1\" data-element_type=\"column\">\r\n\t\t\t<div class=\"elementor-column-wrap elementor-element-populated\">\r\n\t\t\t\t\t\t\t<div class=\"elementor-widget-wrap\">\r\n\t\t\t\t\t\t<div class=\"elementor-element elementor-element-ac20d72 elementor-widget elementor-widget-image\" data-id=\"ac20d72\" data-element_type=\"widget\" data-widget_type=\"image.default\">\r\n\t\t\t\t<div class=\"elementor-widget-container\">\r\n\t\t\t\t\t\t\t\t<div class=\"elementor-image\">\r\n\t\t\t\t\t\t\t\t\t\t\t\t<img width=\"768\" height=\"1024\" src=\"https:\/\/malgorzatanitek.pl\/wp-content\/uploads\/2021\/08\/natura-moje-768x1024.jpg\" class=\"attachment-large size-large\" alt=\"\" loading=\"lazy\" srcset=\"https:\/\/malgorzatanitek.pl\/wp-content\/uploads\/2021\/08\/natura-moje-768x1024.jpg 768w, https:\/\/malgorzatanitek.pl\/wp-content\/uploads\/2021\/08\/natura-moje-225x300.jpg 225w, https:\/\/malgorzatanitek.pl\/wp-content\/uploads\/2021\/08\/natura-moje-500x667.jpg 500w, https:\/\/malgorzatanitek.pl\/wp-content\/uploads\/2021\/08\/natura-moje-800x1067.jpg 800w, https:\/\/malgorzatanitek.pl\/wp-content\/uploads\/2021\/08\/natura-moje.jpg 1125w\" sizes=\"(max-width: 768px) 100vw, 768px\" \/>\t\t\t\t\t\t\t\t\t\t\t\t\t\t<\/div>\r\n\t\t\t\t\t\t<\/div>\r\n\t\t\t\t<\/div>\r\n\t\t\t\t\t\t<\/div>\r\n\t\t\t\t\t<\/div>\r\n\t\t<\/div>\r\n\t\t\t\t<div class=\"has_ma_el_bg_slider elementor-column elementor-col-66 elementor-top-column elementor-element elementor-element-119878c\" data-id=\"119878c\" data-element_type=\"column\">\r\n\t\t\t<div class=\"elementor-column-wrap elementor-element-populated\">\r\n\t\t\t\t\t\t\t<div class=\"elementor-widget-wrap\">\r\n\t\t\t\t\t\t<div class=\"elementor-element elementor-element-a3c697f elementor-widget elementor-widget-heading\" data-id=\"a3c697f\" data-element_type=\"widget\" data-widget_type=\"heading.default\">\r\n\t\t\t\t<div class=\"elementor-widget-container\">\r\n\t\t\t<h2 class=\"elementor-heading-title elementor-size-default\">Moja historia<\/h2>\t\t<\/div>\r\n\t\t\t\t<\/div>\r\n\t\t\t\t<div class=\"elementor-element elementor-element-e61a4fd elementor-widget elementor-widget-text-editor\" data-id=\"e61a4fd\" data-element_type=\"widget\" data-widget_type=\"text-editor.default\">\r\n\t\t\t\t<div class=\"elementor-widget-container\">\r\n\t\t\t\t\t\t\t\t<div class=\"elementor-text-editor elementor-clearfix\">\r\n\t\t\t\t<p>Zacz\u0119\u0142o si\u0119 od polonistyki, kt\u00f3r\u0105 studiowa\u0142am na Uniwersytecie Jagiello\u0144skim, potem by\u0142o dwuletnie studium dziennikarskie i 22 lata pracy&nbsp;w dw\u00f3ch regionalnych gazetach: \u201eDzienniku Polskim\u201d i \u201eGazecie Krakowskiej. Tam przesz\u0142am niemal wszystkie stopnie zawodowego wtajemniczenia, <b>by\u0142am reporterk\u0105 miejsk\u0105, publicystk\u0105 polityczn\u0105, kierowniczk\u0105 dzia\u0142u Krak\u00f3w i zast\u0119pczyni\u0105 redaktora naczelnego<\/b>. Zarz\u0105dzaj\u0105c kilkunastoosobowym zespo\u0142em, uczy\u0142am si\u0119 na w\u0142asnych b\u0142\u0119dach. Dzi\u015b, wspominaj\u0105c te czasy, \u017cartuj\u0119 i \u017ca\u0142uj\u0119, \u017ce nie skorzysta\u0142am wtedy z us\u0142ug coacha albo mentora.&nbsp;<\/p>\n<p>Przez te wszystkie lata hobbystycznie zg\u0142\u0119bia\u0142am, jak dzia\u0142a nasz umys\u0142 i co na to wp\u0142ywa. Czyta\u0142am, je\u017adzi\u0142am na kursy, warsztaty. <b>Najbardziej fascynowa\u0142o mnie holistyczne podej\u015bcie do rozwoju cz\u0142owieka<\/b>, praca z cia\u0142em, praca z g\u0142osem, wp\u0142yw diety, snu. Intuicyjnie czu\u0142am, \u017ce jest ono bardziej skuteczne ni\u017c jedynie praca mentalna. Do\u015bwiadcza\u0142am wi\u0119c, testowa\u0142am r\u00f3\u017cne rozwi\u0105zania, dzieli\u0142am si\u0119 nimi z przyjaci\u00f3\u0142mi. To w\u0142a\u015bnie oni nam\u00f3wili mnie, bym zawodowo zaj\u0119\u0142a si\u0119 pomaganiem ludziom w rozwoju osobistym.&nbsp;<\/p>\n<p>W mi\u0119dzyczasie&nbsp;<b>spe\u0142ni\u0142am swoje dzieci\u0119ce marzenie i&nbsp;zosta\u0142am projektantk\u0105 wn\u0119trz<\/b>. Dwa lata sp\u0119dzone w Krakowskich Szko\u0142ach Artystycznych na dobre rozrusza\u0142y moj\u0105 praw\u0105 p\u00f3\u0142kul\u0119, wiele dowiedzia\u0142am si\u0119 te\u017c o psychologii przestrzeni, kt\u00f3r\u0105 teraz \u0142\u0105cz\u0119 z rozwojem osobistym w mojej autorskiej metodzie &#8222;Zaprojektuj siebie, zaprojektuj sobie&#8221;.&nbsp;<\/p>\n<p>Jesieni\u0105 2019 roku trafi\u0142am do Szko\u0142y Coach\u00f3w Akademii SET, realizuj\u0105cej program akredytowany przez ICF, mi\u0119dzynarodow\u0105 federacj\u0119 coachingu. Pozna\u0142am tam wspania\u0142ych ludzi, z kt\u00f3rymi kontakt utrzymuj\u0119 do dzi\u015b. I&#8230; zajrza\u0142am w siebie podczas treningowych sesji. To by\u0142o cenne do\u015bwiadczenie. <b>Jestem przekonana, \u017ce prac\u0119 z drugim cz\u0142owiekiem nale\u017cy zacz\u0105\u0107 od pracy ze sob\u0105.<\/b><\/p>\n<p>Rok po\u017aniej si\u0119gn\u0119\u0142am do ksi\u0105\u017cki Macieja Bennewicza &#8222;Coaching i mentoring w praktyce. Podej\u015bcie kognitywistyczne&#8221;. Czyta\u0142am zach\u0142annie, z ka\u017cd\u0105 stron\u0105 u\u015bwiadamiaj\u0105c sobie, jak bardzo ta wiedza jest bliska moim zainteresowaniom. Gdy ko\u0144czy\u0142am ksi\u0105\u017ck\u0119, wpad\u0142a mi w oczy informacja, \u017ce w\u0142a\u015bnie w Instytucie Kognitywistyki rozpoczyna si\u0119 kurs mentoringowy. Nie waha\u0142am si\u0119 nawet przez chwil\u0119.&nbsp;<\/p>\n<p>Dzi\u015b mog\u0119 powiedzie\u0107, \u017ce to by\u0142 prze\u0142omowy moment. Pog\u0142\u0119bi\u0142am i usystematyzowa\u0142am wiedz\u0119, kt\u00f3r\u0105 gromadzi\u0142am latami. I, co najwa\u017cniejsze, utwierdzi\u0142am si\u0119 w przekonaniu, \u017ce jestem na w\u0142a\u015bciwej drodze.<b> S\u0105 ludzie, z kt\u00f3rymi spotkanie odmienia nasze \u017cycie. Maciej Bennewicz z pewno\u015bci\u0105 do nich nale\u017cy.<\/b><\/p>\n<p>Moje nowe \u017cycie w\u0142a\u015bnie si\u0119 rozpocz\u0119\u0142o. St\u0105d te\u017c decyzja o za\u0142o\u017ceniu Fundacji &#8222;Turkusowa Droga&#8221;. Ma ona pomaga\u0107 m.in. osobom na zawodowym zakr\u0119cie, szukaj\u0105cym swojego miejsca na Ziemi. Mnie si\u0119 uda\u0142o. Teraz dziel\u0119 si\u0119 do\u015bwiadczeniem, dodaj\u0119 odwagi i udowadniam, \u017ce ograniczenia s\u0105 jedynie w naszych g\u0142owach.&nbsp;<span style=\"font-size: 1rem;\">To drugi, r\u00f3wnie wa\u017cny obszar mojej pracy.<\/span><span style=\"font-size: 1rem;\">&nbsp;<\/span><\/p>\n<p><b>Prywatnie uwielbiam by\u0107 blisko natury, ta blisko\u015b\u0107 daje mi spok\u00f3j i moc<\/b>. Je\u017cd\u017c\u0119 na rowerze, chodz\u0119 po g\u00f3rach, p\u0142ywam \u017cagl\u00f3wk\u0105. Czytam, s\u0142ucham, maluj\u0119.&nbsp;Uwielbiam dawa\u0107 rzeczom, najcz\u0119\u015bciej meblom, drugie \u017cycie.<\/p>\n<p><\/p>\t\t\t\t\t<\/div>\r\n\t\t\t\t\t\t<\/div>\r\n\t\t\t\t<\/div>\r\n\t\t\t\t\t\t<\/div>\r\n\t\t\t\t\t<\/div>\r\n\t\t<\/div>\r\n\t\t\t\t\t\t\t\t<\/div>\r\n\t\t\t\t\t<\/div>\r\n\t\t<\/section>\r\n\t\t\t\t<section class=\"has_ma_el_bg_slider elementor-section elementor-top-section elementor-element elementor-element-0946e92 elementor-section-boxed elementor-section-height-default elementor-section-height-default\" data-id=\"0946e92\" data-element_type=\"section\" data-settings=\"{&quot;background_background&quot;:&quot;classic&quot;}\">\r\n\t\t\t\t\t\t<div class=\"elementor-container elementor-column-gap-default\">\r\n\t\t\t\t\t\t\t<div class=\"elementor-row\">\r\n\t\t\t\t\t<div class=\"has_ma_el_bg_slider elementor-column elementor-col-100 elementor-top-column elementor-element elementor-element-941790b\" data-id=\"941790b\" data-element_type=\"column\">\r\n\t\t\t<div class=\"elementor-column-wrap elementor-element-populated\">\r\n\t\t\t\t\t\t\t<div class=\"elementor-widget-wrap\">\r\n\t\t\t\t\t\t<div class=\"elementor-element elementor-element-e6fdacb elementor-widget elementor-widget-heading\" data-id=\"e6fdacb\" data-element_type=\"widget\" data-widget_type=\"heading.default\">\r\n\t\t\t\t<div class=\"elementor-widget-container\">\r\n\t\t\t<p class=\"elementor-heading-title elementor-size-default\">Gdyby ludzie od jaskiniowej epoki robili tylko to, <br>co wygl\u0105da\u0142o na mo\u017cliwe, do dzisiaj siedzieliby w jaskiniach<\/p>\t\t<\/div>\r\n\t\t\t\t<\/div>\r\n\t\t\t\t<div class=\"elementor-element elementor-element-bd7f41e elementor-widget elementor-widget-text-editor\" data-id=\"bd7f41e\" data-element_type=\"widget\" data-widget_type=\"text-editor.default\">\r\n\t\t\t\t<div class=\"elementor-widget-container\">\r\n\t\t\t\t\t\t\t\t<div class=\"elementor-text-editor elementor-clearfix\">\r\n\t\t\t\t<p>Stanis\u0142aw Lem<\/p>\t\t\t\t\t<\/div>\r\n\t\t\t\t\t\t<\/div>\r\n\t\t\t\t<\/div>\r\n\t\t\t\t\t\t<\/div>\r\n\t\t\t\t\t<\/div>\r\n\t\t<\/div>\r\n\t\t\t\t\t\t\t\t<\/div>\r\n\t\t\t\t\t<\/div>\r\n\t\t<\/section>\r\n\t\t\t\t\t\t<\/div>\r\n\t\t\t\t\t\t<\/div>\r\n\t\t\t\t\t<\/div>\r\n\t\t","protected":false},"excerpt":{"rendered":"<p>Moja historia Zacz\u0119\u0142o si\u0119 od polonistyki, kt\u00f3r\u0105 studiowa\u0142am na Uniwersytecie Jagiello\u0144skim, potem by\u0142o dwuletnie studium dziennikarskie i 22 lata pracy&nbsp;w dw\u00f3ch regionalnych gazetach: \u201eDzienniku Polskim\u201d i \u201eGazecie Krakowskiej. Tam przesz\u0142am niemal wszystkie stopnie zawodowego wtajemniczenia, by\u0142am reporterk\u0105 miejsk\u0105, publicystk\u0105 polityczn\u0105, kierowniczk\u0105 dzia\u0142u Krak\u00f3w i zast\u0119pczyni\u0105 redaktora naczelnego. Zarz\u0105dzaj\u0105c kilkunastoosobowym zespo\u0142em, uczy\u0142am si\u0119 na w\u0142asnych b\u0142\u0119dach. [&hellip;]<\/p>\n","protected":false},"author":1,"featured_media":0,"parent":0,"menu_order":0,"comment_status":"closed","ping_status":"closed","template":"elementor_header_footer","meta":[],"_links":{"self":[{"href":"https:\/\/malgorzatanitek.pl\/index.php?rest_route=\/wp\/v2\/pages\/619"}],"collection":[{"href":"https:\/\/malgorzatanitek.pl\/index.php?rest_route=\/wp\/v2\/pages"}],"about":[{"href":"https:\/\/malgorzatanitek.pl\/index.php?rest_route=\/wp\/v2\/types\/page"}],"author":[{"embeddable":true,"href":"https:\/\/malgorzatanitek.pl\/index.php?rest_route=\/wp\/v2\/users\/1"}],"replies":[{"embeddable":true,"href":"https:\/\/malgorzatanitek.pl\/index.php?rest_route=%2Fwp%2Fv2%2Fcomments&post=619"}],"version-history":[{"count":53,"href":"https:\/\/malgorzatanitek.pl\/index.php?rest_route=\/wp\/v2\/pages\/619\/revisions"}],"predecessor-version":[{"id":1381,"href":"https:\/\/malgorzatanitek.pl\/index.php?rest_route=\/wp\/v2\/pages\/619\/revisions\/1381"}],"wp:attachment":[{"href":"https:\/\/malgorzatanitek.pl\/index.php?rest_route=%2Fwp%2Fv2%2Fmedia&parent=619"}],"curies":[{"name":"wp","href":"https:\/\/api.w.org\/{rel}","templated":true}]}}