{"id":649,"date":"2021-08-30T23:01:41","date_gmt":"2021-08-30T21:01:41","guid":{"rendered":"https:\/\/malgorzatanitek.pl\/?page_id=649"},"modified":"2023-02-19T18:42:28","modified_gmt":"2023-02-19T17:42:28","slug":"zaprojektuj-siebie","status":"publish","type":"page","link":"https:\/\/malgorzatanitek.pl\/?page_id=649","title":{"rendered":"Zaprojektuj siebie"},"content":{"rendered":"\t\t<div data-elementor-type=\"wp-page\" data-elementor-id=\"649\" class=\"elementor elementor-649\" data-elementor-settings=\"[]\">\r\n\t\t\t\t\t\t<div class=\"elementor-inner\">\r\n\t\t\t\t\t\t\t<div class=\"elementor-section-wrap\">\r\n\t\t\t\t\t\t\t<section class=\"has_ma_el_bg_slider elementor-section elementor-top-section elementor-element elementor-element-5e3ae70 elementor-section-boxed elementor-section-height-default elementor-section-height-default\" data-id=\"5e3ae70\" data-element_type=\"section\" data-settings=\"{&quot;background_background&quot;:&quot;classic&quot;}\">\r\n\t\t\t\t\t\t<div class=\"elementor-container elementor-column-gap-default\">\r\n\t\t\t\t\t\t\t<div class=\"elementor-row\">\r\n\t\t\t\t\t<div class=\"has_ma_el_bg_slider elementor-column elementor-col-50 elementor-top-column elementor-element elementor-element-23d26e5\" data-id=\"23d26e5\" data-element_type=\"column\">\r\n\t\t\t<div class=\"elementor-column-wrap elementor-element-populated\">\r\n\t\t\t\t\t\t\t<div class=\"elementor-widget-wrap\">\r\n\t\t\t\t\t\t<div class=\"elementor-element elementor-element-e196a42 elementor-widget elementor-widget-heading\" data-id=\"e196a42\" data-element_type=\"widget\" data-widget_type=\"heading.default\">\r\n\t\t\t\t<div class=\"elementor-widget-container\">\r\n\t\t\t<h2 class=\"elementor-heading-title elementor-size-default\">Zaprojektuj siebie, zaprojektuj sobie <br>- poznaj w\u0142asne potrzeby i warto\u015bci<\/h2>\t\t<\/div>\r\n\t\t\t\t<\/div>\r\n\t\t\t\t\t\t<\/div>\r\n\t\t\t\t\t<\/div>\r\n\t\t<\/div>\r\n\t\t\t\t<div class=\"has_ma_el_bg_slider elementor-column elementor-col-50 elementor-top-column elementor-element elementor-element-b14c677\" data-id=\"b14c677\" data-element_type=\"column\">\r\n\t\t\t<div class=\"elementor-column-wrap elementor-element-populated\">\r\n\t\t\t\t\t\t\t<div class=\"elementor-widget-wrap\">\r\n\t\t\t\t\t\t<div class=\"elementor-element elementor-element-30cb757 elementor-widget elementor-widget-text-editor\" data-id=\"30cb757\" data-element_type=\"widget\" data-widget_type=\"text-editor.default\">\r\n\t\t\t\t<div class=\"elementor-widget-container\">\r\n\t\t\t\t\t\t\t\t<div class=\"elementor-text-editor elementor-clearfix\">\r\n\t\t\t\t<p style=\"font-family: Montserrat, sans-serif;\"><span style=\"font-weight: bold;\">Czas trwania sesji &#8211; 60 minut<\/span><\/p>\n<p style=\"font-family: Montserrat, sans-serif;\"><span style=\"font-weight: bold;\">Cena &#8211; 350 z\u0142<\/span><\/p>\n<p style=\"font-family: Montserrat, sans-serif;\">Pierwsza sesja jest bezp\u0142atna i do niczego nie zobowi\u0105zuje. To moment na poznanie mnie i narz\u0119dzi, jakie wykorzystuj\u0119. Potem decydujesz, czy chcesz wsp\u00f3\u0142pracowa\u0107.&nbsp;<\/p>\n<p style=\"font-family: Montserrat, sans-serif;\"><span style=\"font-weight: bold;\">Pracuj\u0119 tak\u017ce online<\/span><\/p>\t\t\t\t\t<\/div>\r\n\t\t\t\t\t\t<\/div>\r\n\t\t\t\t<\/div>\r\n\t\t\t\t<div class=\"elementor-element elementor-element-cac2ab6 elementor-widget elementor-widget-button\" data-id=\"cac2ab6\" data-element_type=\"widget\" data-widget_type=\"button.default\">\r\n\t\t\t\t<div class=\"elementor-widget-container\">\r\n\t\t\t\t\t<div class=\"elementor-button-wrapper\">\r\n\t\t\t<a href=\"https:\/\/malgorzatanitek.pl\/?page_id=654\" class=\"elementor-button-link elementor-button elementor-size-sm\" role=\"button\">\r\n\t\t\t\t\t\t<span class=\"elementor-button-content-wrapper\">\r\n\t\t\t\t\t\t<span class=\"elementor-button-text\">Um\u00f3w si\u0119 tutaj<\/span>\r\n\t\t<\/span>\r\n\t\t\t\t\t<\/a>\r\n\t\t<\/div>\r\n\t\t\t\t<\/div>\r\n\t\t\t\t<\/div>\r\n\t\t\t\t\t\t<\/div>\r\n\t\t\t\t\t<\/div>\r\n\t\t<\/div>\r\n\t\t\t\t\t\t\t\t<\/div>\r\n\t\t\t\t\t<\/div>\r\n\t\t<\/section>\r\n\t\t\t\t<section class=\"has_ma_el_bg_slider elementor-section elementor-top-section elementor-element elementor-element-3062ea7 elementor-section-full_width elementor-section-height-default elementor-section-height-default\" data-id=\"3062ea7\" data-element_type=\"section\">\r\n\t\t\t\t\t\t<div class=\"elementor-container elementor-column-gap-default\">\r\n\t\t\t\t\t\t\t<div class=\"elementor-row\">\r\n\t\t\t\t\t<div class=\"has_ma_el_bg_slider elementor-column elementor-col-33 elementor-top-column elementor-element elementor-element-e825d05\" data-id=\"e825d05\" data-element_type=\"column\">\r\n\t\t\t<div class=\"elementor-column-wrap elementor-element-populated\">\r\n\t\t\t\t\t\t\t<div class=\"elementor-widget-wrap\">\r\n\t\t\t\t\t\t<div class=\"elementor-element elementor-element-1592707 elementor-widget elementor-widget-image\" data-id=\"1592707\" data-element_type=\"widget\" data-widget_type=\"image.default\">\r\n\t\t\t\t<div class=\"elementor-widget-container\">\r\n\t\t\t\t\t\t\t\t<div class=\"elementor-image\">\r\n\t\t\t\t\t\t\t\t\t\t\t\t<img width=\"724\" height=\"1024\" src=\"https:\/\/malgorzatanitek.pl\/wp-content\/uploads\/2021\/08\/ja-i-kwiatki-3-e1630488156661-724x1024.jpeg\" class=\"attachment-large size-large\" alt=\"\" loading=\"lazy\" srcset=\"https:\/\/malgorzatanitek.pl\/wp-content\/uploads\/2021\/08\/ja-i-kwiatki-3-e1630488156661-724x1024.jpeg 724w, https:\/\/malgorzatanitek.pl\/wp-content\/uploads\/2021\/08\/ja-i-kwiatki-3-e1630488156661-212x300.jpeg 212w, https:\/\/malgorzatanitek.pl\/wp-content\/uploads\/2021\/08\/ja-i-kwiatki-3-e1630488156661-768x1086.jpeg 768w, https:\/\/malgorzatanitek.pl\/wp-content\/uploads\/2021\/08\/ja-i-kwiatki-3-e1630488156661-1086x1536.jpeg 1086w, https:\/\/malgorzatanitek.pl\/wp-content\/uploads\/2021\/08\/ja-i-kwiatki-3-e1630488156661-1448x2048.jpeg 1448w, https:\/\/malgorzatanitek.pl\/wp-content\/uploads\/2021\/08\/ja-i-kwiatki-3-e1630488156661-500x707.jpeg 500w, https:\/\/malgorzatanitek.pl\/wp-content\/uploads\/2021\/08\/ja-i-kwiatki-3-e1630488156661-800x1132.jpeg 800w, https:\/\/malgorzatanitek.pl\/wp-content\/uploads\/2021\/08\/ja-i-kwiatki-3-e1630488156661-1280x1811.jpeg 1280w, https:\/\/malgorzatanitek.pl\/wp-content\/uploads\/2021\/08\/ja-i-kwiatki-3-e1630488156661.jpeg 1587w\" sizes=\"(max-width: 724px) 100vw, 724px\" \/>\t\t\t\t\t\t\t\t\t\t\t\t\t\t<\/div>\r\n\t\t\t\t\t\t<\/div>\r\n\t\t\t\t<\/div>\r\n\t\t\t\t\t\t<\/div>\r\n\t\t\t\t\t<\/div>\r\n\t\t<\/div>\r\n\t\t\t\t<div class=\"has_ma_el_bg_slider elementor-column elementor-col-66 elementor-top-column elementor-element elementor-element-c4788a3\" data-id=\"c4788a3\" data-element_type=\"column\">\r\n\t\t\t<div class=\"elementor-column-wrap elementor-element-populated\">\r\n\t\t\t\t\t\t\t<div class=\"elementor-widget-wrap\">\r\n\t\t\t\t\t\t<div class=\"elementor-element elementor-element-cbfb614 elementor-widget elementor-widget-text-editor\" data-id=\"cbfb614\" data-element_type=\"widget\" data-widget_type=\"text-editor.default\">\r\n\t\t\t\t<div class=\"elementor-widget-container\">\r\n\t\t\t\t\t\t\t\t<div class=\"elementor-text-editor elementor-clearfix\">\r\n\t\t\t\t<p><b>To moja autorska metoda<\/b>, w kt\u00f3rej \u0142\u0105cz\u0119 narz\u0119dzia mentoringowe i coachingowe z wiedz\u0105 o projektowaniu i dekoracji wn\u0119trz. Cz\u0119sto nie zdajemy sobie sprawy, jak bardzo oddzia\u0142uj\u0105 na nas wn\u0119trza, w kt\u00f3rych przebywamy. Znaczenie ma nie tylko kolor, barwa \u015bwiat\u0142a, ale te\u017c odst\u0119py mi\u0119dzy meblami, wysoko\u015b\u0107 sufitu, nas\u0142onecznienie.<\/p>\n<p><b>Przestrze\u0144 wp\u0142ywa na nasz nastr\u00f3j, ale i efektywno\u015b\u0107 naszych dzia\u0142a\u0144 czy relacje &#8211; mo\u017ce sprzyja\u0107 ich zacie\u015bnianiu lub os\u0142abianiu.<\/b> Odpowiednio projektuj\u0105c kuchni\u0119, sprawimy, \u017ce stanie si\u0119 ona sercem domu, miejscem wsp\u00f3lnego gotowania, biesiadowania. Przestawiaj\u0105c biurko pod okno, dostarczymy naszemu m\u00f3zgowi naturalnego \u015bwiat\u0142a a wraz z nim pozytywnej energii i skupienia.&nbsp;<\/p>\n<p>Najpierw jednak nale\u017cy pozna\u0107 w\u0142asne potrzeby. A to wcale nie jest takie proste. W codziennej krz\u0105taninie nie zastanawiamy si\u0119 raczej nad poziomami s\u0142ynnej piramidy Maslowa. A szkoda.<\/p>\n<p><b>Sesj\u0119 zaczynamy od okre\u015blenia warto\u015bci czyli tego, co jest dla Ciebie wa\u017cne. Je\u015bli ju\u017c je znasz, \u0142atwiej my\u015ble\u0107 o potrzebach i ich zaspokojeniu<\/b>. Potem rozpoczyna si\u0119 praca z przestrzeni\u0105 i w przestrzeni. Badasz, w kt\u00f3rych miejscach czujesz si\u0119 dobrze, gdzie pojawia si\u0119 dyskomfort. Czego w danym pomieszczeniu brakuje a czego jest w nadmiarze. Zastanawiamy si\u0119 wsp\u00f3lnie, co mo\u017cna zmieni\u0107. By poczu\u0107 si\u0119 lepiej, nie musisz wydawa\u0107 fortuny na remont. C<span style=\"font-size: 1rem;\">zasem wystarczy przestawienie mebli, wymiana \u017car\u00f3wki na tak\u0105 z cieplejszym \u015bwiat\u0142em, pomalowanie \u015bcian albo zwyk\u0142e generalne porz\u0105dki, pozbycie si\u0119 nieu\u017cywanych rzeczy.&nbsp;<\/span><\/p>\n<p>S\u0142u\u017c\u0119 tu rad\u0105 i do\u015bwiadczeniem projektanta wn\u0119trz, ale jednocze\u015bnie <b>zach\u0119cam Klient\u00f3w do samodzielnej eksploracji i kreatywnej pracy<\/b>. Namalowany w\u0142asnor\u0119cznie obraz albo odnowiona lampa, b\u0119d\u0105 nam si\u0119 mi\u0142o kojarzy\u0107 i przy okazji codziennie stymulowa\u0107 nasz m\u00f3zg <span style=\"font-size: 1rem;\">pozytywn\u0105 energi\u0105, poczuciem wp\u0142ywu na \u017cycie i sprawczo\u015bci.<\/span><\/p>\n<p style=\"margin: 0cm; font-size: 12pt; font-family: Calibri, sans-serif; color: #000000;\">\n<\/p>\t\t\t\t\t<\/div>\r\n\t\t\t\t\t\t<\/div>\r\n\t\t\t\t<\/div>\r\n\t\t\t\t\t\t<\/div>\r\n\t\t\t\t\t<\/div>\r\n\t\t<\/div>\r\n\t\t\t\t\t\t\t\t<\/div>\r\n\t\t\t\t\t<\/div>\r\n\t\t<\/section>\r\n\t\t\t\t<section class=\"has_ma_el_bg_slider elementor-section elementor-top-section elementor-element elementor-element-1300ac0 elementor-section-boxed elementor-section-height-default elementor-section-height-default\" data-id=\"1300ac0\" data-element_type=\"section\" data-settings=\"{&quot;background_background&quot;:&quot;classic&quot;}\">\r\n\t\t\t\t\t\t<div class=\"elementor-container elementor-column-gap-default\">\r\n\t\t\t\t\t\t\t<div class=\"elementor-row\">\r\n\t\t\t\t\t<div class=\"has_ma_el_bg_slider elementor-column elementor-col-100 elementor-top-column elementor-element elementor-element-6f53604\" data-id=\"6f53604\" data-element_type=\"column\">\r\n\t\t\t<div class=\"elementor-column-wrap elementor-element-populated\">\r\n\t\t\t\t\t\t\t<div class=\"elementor-widget-wrap\">\r\n\t\t\t\t\t\t<div class=\"elementor-element elementor-element-741a532 elementor-widget elementor-widget-heading\" data-id=\"741a532\" data-element_type=\"widget\" data-widget_type=\"heading.default\">\r\n\t\t\t\t<div class=\"elementor-widget-container\">\r\n\t\t\t<p class=\"elementor-heading-title elementor-size-default\">Kszta\u0142tujemy nasze budynki, a potem te budynki kszta\u0142tuj\u0105 nas<\/p>\t\t<\/div>\r\n\t\t\t\t<\/div>\r\n\t\t\t\t<div class=\"elementor-element elementor-element-7a82658 elementor-widget elementor-widget-text-editor\" data-id=\"7a82658\" data-element_type=\"widget\" data-widget_type=\"text-editor.default\">\r\n\t\t\t\t<div class=\"elementor-widget-container\">\r\n\t\t\t\t\t\t\t\t<div class=\"elementor-text-editor elementor-clearfix\">\r\n\t\t\t\t<p>Winston Churchill<\/p>\t\t\t\t\t<\/div>\r\n\t\t\t\t\t\t<\/div>\r\n\t\t\t\t<\/div>\r\n\t\t\t\t\t\t<\/div>\r\n\t\t\t\t\t<\/div>\r\n\t\t<\/div>\r\n\t\t\t\t\t\t\t\t<\/div>\r\n\t\t\t\t\t<\/div>\r\n\t\t<\/section>\r\n\t\t\t\t<section class=\"has_ma_el_bg_slider elementor-section elementor-top-section elementor-element elementor-element-6f33fe3 elementor-section-full_width elementor-section-height-default elementor-section-height-default\" data-id=\"6f33fe3\" data-element_type=\"section\">\r\n\t\t\t\t\t\t<div class=\"elementor-container elementor-column-gap-default\">\r\n\t\t\t\t\t\t\t<div class=\"elementor-row\">\r\n\t\t\t\t\t<div class=\"has_ma_el_bg_slider elementor-column elementor-col-25 elementor-top-column elementor-element elementor-element-7937282\" data-id=\"7937282\" data-element_type=\"column\">\r\n\t\t\t<div class=\"elementor-column-wrap elementor-element-populated\">\r\n\t\t\t\t\t\t\t<div class=\"elementor-widget-wrap\">\r\n\t\t\t\t\t\t<div class=\"elementor-element elementor-element-7895a62 elementor-widget elementor-widget-heading\" data-id=\"7895a62\" data-element_type=\"widget\" data-widget_type=\"heading.default\">\r\n\t\t\t\t<div class=\"elementor-widget-container\">\r\n\t\t\t<h2 class=\"elementor-heading-title elementor-size-default\">Psychologia przestrzeni<\/h2>\t\t<\/div>\r\n\t\t\t\t<\/div>\r\n\t\t\t\t<div class=\"elementor-element elementor-element-7f107ba elementor-widget elementor-widget-text-editor\" data-id=\"7f107ba\" data-element_type=\"widget\" data-widget_type=\"text-editor.default\">\r\n\t\t\t\t<div class=\"elementor-widget-container\">\r\n\t\t\t\t\t\t\t\t<div class=\"elementor-text-editor elementor-clearfix\">\r\n\t\t\t\t<p><span style=\"font-size: 1rem;\">To wci\u0105\u017c rozwijaj\u0105ca si\u0119 nauka, kt\u00f3ra bada oddzia\u0142ywanie otoczenia na nas i zachowania przestrzenne cz\u0142owieka. Tw\u00f3rc\u0105 jej\u00a0 podstaw jest etnolog Edward Hall.<\/span><\/p><p><span style=\"font-size: 1rem;\">Wiemy ju\u017c, \u017ce na nasze samopoczucie maj\u0105 wp\u0142yw r\u00f3\u017cne impulsy:\u00a0<\/span><\/p><p><span style=\"font-size: 1rem;\"><b>wizualne <\/b>czyli kolory, kszta\u0142ty, rozmieszczenie mebli i sprz\u0119t\u00f3w<\/span><\/p><p><span style=\"font-size: 1rem;\"><b>audio<\/b> &#8211; d\u017awi\u0119ki, ha\u0142as, cisza<\/span><\/p><p><span style=\"font-size: 1rem;\"><b>kinestetyczne<\/b> &#8211; odleg\u0142o\u015bci w przestrzeni, mo\u017cliwo\u015b\u0107 ruchu<\/span><\/p><p><span style=\"font-size: 1rem;\">Wp\u0142ywa na nas tak\u017ce <b>faktura przedmiot\u00f3w<\/b>, kt\u00f3re dotykamy,\u00a0<\/span><\/p>\t\t\t\t\t<\/div>\r\n\t\t\t\t\t\t<\/div>\r\n\t\t\t\t<\/div>\r\n\t\t\t\t\t\t<\/div>\r\n\t\t\t\t\t<\/div>\r\n\t\t<\/div>\r\n\t\t\t\t<div class=\"has_ma_el_bg_slider elementor-column elementor-col-50 elementor-top-column elementor-element elementor-element-36d1a64\" data-id=\"36d1a64\" data-element_type=\"column\">\r\n\t\t\t<div class=\"elementor-column-wrap elementor-element-populated\">\r\n\t\t\t\t\t\t\t<div class=\"elementor-widget-wrap\">\r\n\t\t\t\t\t\t<div class=\"elementor-element elementor-element-f9f1800 elementor-widget elementor-widget-image\" data-id=\"f9f1800\" data-element_type=\"widget\" data-widget_type=\"image.default\">\r\n\t\t\t\t<div class=\"elementor-widget-container\">\r\n\t\t\t\t\t\t\t\t<div class=\"elementor-image\">\r\n\t\t\t\t\t\t\t\t\t\t\t\t<img width=\"800\" height=\"531\" src=\"https:\/\/malgorzatanitek.pl\/wp-content\/uploads\/2021\/09\/kawiarnia3-kopia-e1630571161317-1024x680.jpg\" class=\"attachment-large size-large\" alt=\"\" loading=\"lazy\" srcset=\"https:\/\/malgorzatanitek.pl\/wp-content\/uploads\/2021\/09\/kawiarnia3-kopia-e1630571161317-1024x680.jpg 1024w, https:\/\/malgorzatanitek.pl\/wp-content\/uploads\/2021\/09\/kawiarnia3-kopia-e1630571161317-300x199.jpg 300w, https:\/\/malgorzatanitek.pl\/wp-content\/uploads\/2021\/09\/kawiarnia3-kopia-e1630571161317-768x510.jpg 768w, https:\/\/malgorzatanitek.pl\/wp-content\/uploads\/2021\/09\/kawiarnia3-kopia-e1630571161317-500x332.jpg 500w, https:\/\/malgorzatanitek.pl\/wp-content\/uploads\/2021\/09\/kawiarnia3-kopia-e1630571161317-800x532.jpg 800w, https:\/\/malgorzatanitek.pl\/wp-content\/uploads\/2021\/09\/kawiarnia3-kopia-e1630571161317.jpg 1046w\" sizes=\"(max-width: 800px) 100vw, 800px\" \/>\t\t\t\t\t\t\t\t\t\t\t\t\t\t<\/div>\r\n\t\t\t\t\t\t<\/div>\r\n\t\t\t\t<\/div>\r\n\t\t\t\t\t\t<\/div>\r\n\t\t\t\t\t<\/div>\r\n\t\t<\/div>\r\n\t\t\t\t<div class=\"has_ma_el_bg_slider elementor-column elementor-col-25 elementor-top-column elementor-element elementor-element-cffd890\" data-id=\"cffd890\" data-element_type=\"column\">\r\n\t\t\t<div class=\"elementor-column-wrap elementor-element-populated\">\r\n\t\t\t\t\t\t\t<div class=\"elementor-widget-wrap\">\r\n\t\t\t\t\t\t<div class=\"elementor-element elementor-element-75b1da0 elementor-widget elementor-widget-text-editor\" data-id=\"75b1da0\" data-element_type=\"widget\" data-widget_type=\"text-editor.default\">\r\n\t\t\t\t<div class=\"elementor-widget-container\">\r\n\t\t\t\t\t\t\t\t<div class=\"elementor-text-editor elementor-clearfix\">\r\n\t\t\t\t<p><span style=\"font-size: 1rem;\">na kt\u00f3rych siedzimy,\u00a0<\/span><span style=\"font-size: 1rem;\">\u00a0<b>zapachy, odory, wentylacja<\/b>.<\/span><b style=\"font-size: 1rem;\"><br \/><\/b><\/p><p><b style=\"font-size: 1rem;\">Jasne \u015bwiat\u0142o sprzyja skupieniu<\/b><span style=\"font-size: 1rem; background-color: #fcfcfc;\"> i stymuluje nasz m\u00f3zg do wi\u0119kszej wydajno\u015bci, a to ciemniejsze pomo\u017ce nam w momentach, kiedy chcemy by\u0107 kreatywni. Im intensywniejsze \u015bwiat\u0142o, tym wi\u0119ksze emocje.\u00a0<\/span><\/p><p><span style=\"background-color: #fcfcfc;\">S\u0142abe o\u015bwietlenie i brak ekspozycji na s\u0142o\u0144ce mog\u0105 powodowa\u0107 depresj\u0119 i lenistwo.<\/span><span style=\"font-size: 1rem; background-color: #fcfcfc;\"><br \/><\/span><\/p><p style=\"background: #FCFCFC; margin: 0cm 0cm 24.0pt 0cm;\"><span style=\"background-color: #ffffff; font-size: 1rem;\"><b>Poznanie zagadnie\u0144 psychologii przestrzeni zawsze skutkuje popraw\u0105 jako\u015bci naszego \u017cycia<\/b>. Wiedza ta\u00a0 <\/span><span style=\"background-color: #ffffff; font-size: 1rem;\">wykorzystywana<\/span><span style=\"background-color: #ffffff; font-size: 1rem;\">\u00a0jest coraz cz\u0119\u015bciej\u00a0<\/span><span style=\"background-color: #ffffff; font-size: 1rem;\">przy projektowaniu budynk\u00f3w (na przyk\u0142ad dla os\u00f3b chorych) i przestrzeni publicznych, a nawet miast.\u00a0<\/span><\/p>\t\t\t\t\t<\/div>\r\n\t\t\t\t\t\t<\/div>\r\n\t\t\t\t<\/div>\r\n\t\t\t\t\t\t<\/div>\r\n\t\t\t\t\t<\/div>\r\n\t\t<\/div>\r\n\t\t\t\t\t\t\t\t<\/div>\r\n\t\t\t\t\t<\/div>\r\n\t\t<\/section>\r\n\t\t\t\t\t\t<\/div>\r\n\t\t\t\t\t\t<\/div>\r\n\t\t\t\t\t<\/div>\r\n\t\t","protected":false},"excerpt":{"rendered":"<p>Zaprojektuj siebie, zaprojektuj sobie &#8211; poznaj w\u0142asne potrzeby i warto\u015bci Czas trwania sesji &#8211; 60 minut Cena &#8211; 350 z\u0142 Pierwsza sesja jest bezp\u0142atna i do niczego nie zobowi\u0105zuje. To moment na poznanie mnie i narz\u0119dzi, jakie wykorzystuj\u0119. Potem decydujesz, czy chcesz wsp\u00f3\u0142pracowa\u0107.&nbsp; Pracuj\u0119 tak\u017ce online Um\u00f3w si\u0119 tutaj To moja autorska metoda, w kt\u00f3rej [&hellip;]<\/p>\n","protected":false},"author":1,"featured_media":0,"parent":0,"menu_order":0,"comment_status":"closed","ping_status":"closed","template":"elementor_header_footer","meta":[],"_links":{"self":[{"href":"https:\/\/malgorzatanitek.pl\/index.php?rest_route=\/wp\/v2\/pages\/649"}],"collection":[{"href":"https:\/\/malgorzatanitek.pl\/index.php?rest_route=\/wp\/v2\/pages"}],"about":[{"href":"https:\/\/malgorzatanitek.pl\/index.php?rest_route=\/wp\/v2\/types\/page"}],"author":[{"embeddable":true,"href":"https:\/\/malgorzatanitek.pl\/index.php?rest_route=\/wp\/v2\/users\/1"}],"replies":[{"embeddable":true,"href":"https:\/\/malgorzatanitek.pl\/index.php?rest_route=%2Fwp%2Fv2%2Fcomments&post=649"}],"version-history":[{"count":110,"href":"https:\/\/malgorzatanitek.pl\/index.php?rest_route=\/wp\/v2\/pages\/649\/revisions"}],"predecessor-version":[{"id":1508,"href":"https:\/\/malgorzatanitek.pl\/index.php?rest_route=\/wp\/v2\/pages\/649\/revisions\/1508"}],"wp:attachment":[{"href":"https:\/\/malgorzatanitek.pl\/index.php?rest_route=%2Fwp%2Fv2%2Fmedia&parent=649"}],"curies":[{"name":"wp","href":"https:\/\/api.w.org\/{rel}","templated":true}]}}