{"id":651,"date":"2021-08-30T23:02:46","date_gmt":"2021-08-30T21:02:46","guid":{"rendered":"https:\/\/malgorzatanitek.pl\/?page_id=651"},"modified":"2023-02-19T18:46:30","modified_gmt":"2023-02-19T17:46:30","slug":"zmiana-w-naturze","status":"publish","type":"page","link":"https:\/\/malgorzatanitek.pl\/?page_id=651","title":{"rendered":"Zmiana w naturze"},"content":{"rendered":"\t\t<div data-elementor-type=\"wp-page\" data-elementor-id=\"651\" class=\"elementor elementor-651\" data-elementor-settings=\"[]\">\r\n\t\t\t\t\t\t<div class=\"elementor-inner\">\r\n\t\t\t\t\t\t\t<div class=\"elementor-section-wrap\">\r\n\t\t\t\t\t\t\t<section class=\"has_ma_el_bg_slider elementor-section elementor-top-section elementor-element elementor-element-7e8cd063 elementor-section-full_width elementor-section-height-default elementor-section-height-default\" data-id=\"7e8cd063\" data-element_type=\"section\" data-settings=\"{&quot;background_background&quot;:&quot;classic&quot;}\">\r\n\t\t\t\t\t\t<div class=\"elementor-container elementor-column-gap-default\">\r\n\t\t\t\t\t\t\t<div class=\"elementor-row\">\r\n\t\t\t\t\t<div class=\"has_ma_el_bg_slider elementor-column elementor-col-66 elementor-top-column elementor-element elementor-element-257736bd\" data-id=\"257736bd\" data-element_type=\"column\">\r\n\t\t\t<div class=\"elementor-column-wrap elementor-element-populated\">\r\n\t\t\t\t\t\t\t<div class=\"elementor-widget-wrap\">\r\n\t\t\t\t\t\t<div class=\"elementor-element elementor-element-34f31660 elementor-widget elementor-widget-heading\" data-id=\"34f31660\" data-element_type=\"widget\" data-widget_type=\"heading.default\">\r\n\t\t\t\t<div class=\"elementor-widget-container\">\r\n\t\t\t<h2 class=\"elementor-heading-title elementor-size-default\">Zapro\u015b natur\u0119 do osobistej zmiany <br>- trening redukcji stresu i uwa\u017cno\u015bci<\/h2>\t\t<\/div>\r\n\t\t\t\t<\/div>\r\n\t\t\t\t\t\t<\/div>\r\n\t\t\t\t\t<\/div>\r\n\t\t<\/div>\r\n\t\t\t\t<div class=\"has_ma_el_bg_slider elementor-column elementor-col-33 elementor-top-column elementor-element elementor-element-2fc5c1cb\" data-id=\"2fc5c1cb\" data-element_type=\"column\">\r\n\t\t\t<div class=\"elementor-column-wrap elementor-element-populated\">\r\n\t\t\t\t\t\t\t<div class=\"elementor-widget-wrap\">\r\n\t\t\t\t\t\t<div class=\"elementor-element elementor-element-7353db7a elementor-widget elementor-widget-text-editor\" data-id=\"7353db7a\" data-element_type=\"widget\" data-widget_type=\"text-editor.default\">\r\n\t\t\t\t<div class=\"elementor-widget-container\">\r\n\t\t\t\t\t\t\t\t<div class=\"elementor-text-editor elementor-clearfix\">\r\n\t\t\t\t<p><b>Czas trwania sesji &#8211; 90 minut<\/b><\/p><p><b>Cena &#8211; 450 z\u0142<\/b><\/p><p>Pierwsza sesja jest bezp\u0142atna i do niczego nie zobowi\u0105zuje. To moment na poznanie mnie i narz\u0119dzi, jakie wykorzystuj\u0119. Potem decydujesz, czy chcesz wsp\u00f3\u0142pracowa\u0107.\u00a0<\/p><p><b>Pracuj\u0119 tak\u017ce online<\/b><\/p><p>\u00a0<\/p>\t\t\t\t\t<\/div>\r\n\t\t\t\t\t\t<\/div>\r\n\t\t\t\t<\/div>\r\n\t\t\t\t<div class=\"elementor-element elementor-element-1db1ce44 elementor-mobile-align-right elementor-widget elementor-widget-button\" data-id=\"1db1ce44\" data-element_type=\"widget\" data-widget_type=\"button.default\">\r\n\t\t\t\t<div class=\"elementor-widget-container\">\r\n\t\t\t\t\t<div class=\"elementor-button-wrapper\">\r\n\t\t\t<a href=\"https:\/\/malgorzatanitek.pl\/?page_id=654\" class=\"elementor-button-link elementor-button elementor-size-sm elementor-animation-grow\" role=\"button\">\r\n\t\t\t\t\t\t<span class=\"elementor-button-content-wrapper\">\r\n\t\t\t\t\t\t<span class=\"elementor-button-text\">Um\u00f3w si\u0119 tutaj<\/span>\r\n\t\t<\/span>\r\n\t\t\t\t\t<\/a>\r\n\t\t<\/div>\r\n\t\t\t\t<\/div>\r\n\t\t\t\t<\/div>\r\n\t\t\t\t\t\t<\/div>\r\n\t\t\t\t\t<\/div>\r\n\t\t<\/div>\r\n\t\t\t\t\t\t\t\t<\/div>\r\n\t\t\t\t\t<\/div>\r\n\t\t<\/section>\r\n\t\t\t\t<section class=\"has_ma_el_bg_slider elementor-section elementor-top-section elementor-element elementor-element-c217e1e elementor-section-full_width elementor-section-height-default elementor-section-height-default\" data-id=\"c217e1e\" data-element_type=\"section\">\r\n\t\t\t\t\t\t<div class=\"elementor-container elementor-column-gap-default\">\r\n\t\t\t\t\t\t\t<div class=\"elementor-row\">\r\n\t\t\t\t\t<div class=\"has_ma_el_bg_slider elementor-column elementor-col-66 elementor-top-column elementor-element elementor-element-c70690a\" data-id=\"c70690a\" data-element_type=\"column\">\r\n\t\t\t<div class=\"elementor-column-wrap elementor-element-populated\">\r\n\t\t\t\t\t\t\t<div class=\"elementor-widget-wrap\">\r\n\t\t\t\t\t\t<div class=\"elementor-element elementor-element-680145b elementor-widget elementor-widget-text-editor\" data-id=\"680145b\" data-element_type=\"widget\" data-widget_type=\"text-editor.default\">\r\n\t\t\t\t<div class=\"elementor-widget-container\">\r\n\t\t\t\t\t\t\t\t<div class=\"elementor-text-editor elementor-clearfix\">\r\n\t\t\t\t<p>W dobie intensywnej urbanizacji <b>cz\u0142owiek instynktownie potrzebuje kontaktu z natur\u0105<\/b>. Psycholog Erich Fromm okre\u015bla\u0142 t\u0119 wi\u0119\u017a terminem biofilia. Pragnienie przebywania blisko przyrody jest bowiem wpisane w nasz\u0105 istot\u0119. Ziele\u0144 staje si\u0119 teraz coraz bardziej obecna nie tylko w wystroju wn\u0119trz ale tak\u017ce w rozwoju miast. Jeszcze nie wsz\u0119dzie, ale wyra\u017anie zmienia si\u0119 w istotny element tkanki miejskiej.<\/p>\n<p><b>Przebywanie w naturze ma tak\u017ce niezwykle dobroczynny wp\u0142yw na nasz m\u00f3zg<\/b>. Naukowcy z Instytutu Bada\u0144 nad Rozwojem Cz\u0142owieka im. Maxa Plancka, po p\u00f3\u0142rocznych badaniach, stwierdzili, \u017ce&nbsp;czas sp\u0119dzony w kontakcie z natur\u0105 zwi\u0119ksza\u0142 ilo\u015b\u0107 istoty szarej w p\u0142acie czo\u0142owym kory m\u00f3zgowej. Struktura ta bierze udzia\u0142 m.in. w planowaniu, regulacji naszych zachowa\u0144 i ma kluczowe znaczenie dla zdolno\u015bci poznawczych. Wiele zaburze\u0144 psychicznych wi\u0105\u017ce si\u0119 w\u0142a\u015bnie ze zmniejszeniem masy szarej w tym rejonie m\u00f3zgu.<\/p>\n<p>Do tej pory uzbierano ju\u017c wiele dowod\u00f3w na to, <b>jak dobrze przyroda oddzia\u0142uje na leczenie niepokoju, depresji<\/b>, ADHD. Spacery w \u015brodowisku naturalnym nie tylko redukuj\u0105 hormony stresu, ale zwi\u0119kszaj\u0105 poziom DHEA czyli &#8222;hormonu m\u0142odo\u015bci&#8221;, kt\u00f3ry stymuluje regeneracj\u0119 naszego m\u00f3zgu.<\/p>\n<p>Podczas sesji w naturze <b>uczysz si\u0119, jak prostymi sposobami redukowa\u0107 stres<\/b>, jak by\u0107 w \u0142\u0105czno\u015bci z w\u0142asnym cia\u0142em i jakie daje to profity. \u0106wiczysz tak\u017ce uwa\u017cno\u015b\u0107, \u015bwiadomy oddech, kontakt z w\u0142asnymi emocjami. Jest du\u017co ruchu, ale i sensorycznych do\u015bwiadcze\u0144. Uruchamiasz i wyostrzasz wszystkie zmys\u0142y.&nbsp;<\/p>\n<p>Po ka\u017cdej sesji dostajesz zadania do wykonania w domu, dzi\u0119ki kt\u00f3rym budujesz korzystne dla Twojego zdrowia nawyki.&nbsp;<\/p>\t\t\t\t\t<\/div>\r\n\t\t\t\t\t\t<\/div>\r\n\t\t\t\t<\/div>\r\n\t\t\t\t\t\t<\/div>\r\n\t\t\t\t\t<\/div>\r\n\t\t<\/div>\r\n\t\t\t\t<div class=\"has_ma_el_bg_slider elementor-column elementor-col-33 elementor-top-column elementor-element elementor-element-a9bc0ef\" data-id=\"a9bc0ef\" data-element_type=\"column\">\r\n\t\t\t<div class=\"elementor-column-wrap elementor-element-populated\">\r\n\t\t\t\t\t\t\t<div class=\"elementor-widget-wrap\">\r\n\t\t\t\t\t\t<div class=\"elementor-element elementor-element-9e456fe elementor-widget elementor-widget-image\" data-id=\"9e456fe\" data-element_type=\"widget\" data-widget_type=\"image.default\">\r\n\t\t\t\t<div class=\"elementor-widget-container\">\r\n\t\t\t\t\t\t\t\t<div class=\"elementor-image\">\r\n\t\t\t\t\t\t\t\t\t\t\t\t<img width=\"678\" height=\"1024\" src=\"https:\/\/malgorzatanitek.pl\/wp-content\/uploads\/2021\/09\/ja-w-lesie-678x1024.jpeg\" class=\"attachment-large size-large\" alt=\"\" loading=\"lazy\" srcset=\"https:\/\/malgorzatanitek.pl\/wp-content\/uploads\/2021\/09\/ja-w-lesie-678x1024.jpeg 678w, https:\/\/malgorzatanitek.pl\/wp-content\/uploads\/2021\/09\/ja-w-lesie-199x300.jpeg 199w, https:\/\/malgorzatanitek.pl\/wp-content\/uploads\/2021\/09\/ja-w-lesie-768x1159.jpeg 768w, https:\/\/malgorzatanitek.pl\/wp-content\/uploads\/2021\/09\/ja-w-lesie-1018x1536.jpeg 1018w, https:\/\/malgorzatanitek.pl\/wp-content\/uploads\/2021\/09\/ja-w-lesie-500x755.jpeg 500w, https:\/\/malgorzatanitek.pl\/wp-content\/uploads\/2021\/09\/ja-w-lesie-800x1208.jpeg 800w, https:\/\/malgorzatanitek.pl\/wp-content\/uploads\/2021\/09\/ja-w-lesie-1280x1932.jpeg 1280w, https:\/\/malgorzatanitek.pl\/wp-content\/uploads\/2021\/09\/ja-w-lesie.jpeg 1325w\" sizes=\"(max-width: 678px) 100vw, 678px\" \/>\t\t\t\t\t\t\t\t\t\t\t\t\t\t<\/div>\r\n\t\t\t\t\t\t<\/div>\r\n\t\t\t\t<\/div>\r\n\t\t\t\t\t\t<\/div>\r\n\t\t\t\t\t<\/div>\r\n\t\t<\/div>\r\n\t\t\t\t\t\t\t\t<\/div>\r\n\t\t\t\t\t<\/div>\r\n\t\t<\/section>\r\n\t\t\t\t<section class=\"has_ma_el_bg_slider elementor-section elementor-top-section elementor-element elementor-element-315bc24 elementor-section-boxed elementor-section-height-default elementor-section-height-default\" data-id=\"315bc24\" data-element_type=\"section\" data-settings=\"{&quot;background_background&quot;:&quot;classic&quot;}\">\r\n\t\t\t\t\t\t<div class=\"elementor-container elementor-column-gap-default\">\r\n\t\t\t\t\t\t\t<div class=\"elementor-row\">\r\n\t\t\t\t\t<div class=\"has_ma_el_bg_slider elementor-column elementor-col-100 elementor-top-column elementor-element elementor-element-e316302\" data-id=\"e316302\" data-element_type=\"column\">\r\n\t\t\t<div class=\"elementor-column-wrap elementor-element-populated\">\r\n\t\t\t\t\t\t\t<div class=\"elementor-widget-wrap\">\r\n\t\t\t\t\t\t<div class=\"elementor-element elementor-element-a22c3a8 elementor-widget elementor-widget-heading\" data-id=\"a22c3a8\" data-element_type=\"widget\" data-widget_type=\"heading.default\">\r\n\t\t\t\t<div class=\"elementor-widget-container\">\r\n\t\t\t<p class=\"elementor-heading-title elementor-size-default\">Na ka\u017cdym spacerze w naturze cz\u0142owiek otrzymuje znacznie wi\u0119cej ni\u017c szuka<\/p>\t\t<\/div>\r\n\t\t\t\t<\/div>\r\n\t\t\t\t<div class=\"elementor-element elementor-element-6e2e570 elementor-widget elementor-widget-text-editor\" data-id=\"6e2e570\" data-element_type=\"widget\" data-widget_type=\"text-editor.default\">\r\n\t\t\t\t<div class=\"elementor-widget-container\">\r\n\t\t\t\t\t\t\t\t<div class=\"elementor-text-editor elementor-clearfix\">\r\n\t\t\t\t<p>John Muir<\/p>\t\t\t\t\t<\/div>\r\n\t\t\t\t\t\t<\/div>\r\n\t\t\t\t<\/div>\r\n\t\t\t\t\t\t<\/div>\r\n\t\t\t\t\t<\/div>\r\n\t\t<\/div>\r\n\t\t\t\t\t\t\t\t<\/div>\r\n\t\t\t\t\t<\/div>\r\n\t\t<\/section>\r\n\t\t\t\t\t\t<\/div>\r\n\t\t\t\t\t\t<\/div>\r\n\t\t\t\t\t<\/div>\r\n\t\t","protected":false},"excerpt":{"rendered":"<p>Zapro\u015b natur\u0119 do osobistej zmiany &#8211; trening redukcji stresu i uwa\u017cno\u015bci Czas trwania sesji &#8211; 90 minut Cena &#8211; 450 z\u0142 Pierwsza sesja jest bezp\u0142atna i do niczego nie zobowi\u0105zuje. To moment na poznanie mnie i narz\u0119dzi, jakie wykorzystuj\u0119. Potem decydujesz, czy chcesz wsp\u00f3\u0142pracowa\u0107.\u00a0 Pracuj\u0119 tak\u017ce online \u00a0 Um\u00f3w si\u0119 tutaj W dobie intensywnej urbanizacji [&hellip;]<\/p>\n","protected":false},"author":1,"featured_media":0,"parent":0,"menu_order":0,"comment_status":"closed","ping_status":"closed","template":"elementor_header_footer","meta":[],"_links":{"self":[{"href":"https:\/\/malgorzatanitek.pl\/index.php?rest_route=\/wp\/v2\/pages\/651"}],"collection":[{"href":"https:\/\/malgorzatanitek.pl\/index.php?rest_route=\/wp\/v2\/pages"}],"about":[{"href":"https:\/\/malgorzatanitek.pl\/index.php?rest_route=\/wp\/v2\/types\/page"}],"author":[{"embeddable":true,"href":"https:\/\/malgorzatanitek.pl\/index.php?rest_route=\/wp\/v2\/users\/1"}],"replies":[{"embeddable":true,"href":"https:\/\/malgorzatanitek.pl\/index.php?rest_route=%2Fwp%2Fv2%2Fcomments&post=651"}],"version-history":[{"count":95,"href":"https:\/\/malgorzatanitek.pl\/index.php?rest_route=\/wp\/v2\/pages\/651\/revisions"}],"predecessor-version":[{"id":1512,"href":"https:\/\/malgorzatanitek.pl\/index.php?rest_route=\/wp\/v2\/pages\/651\/revisions\/1512"}],"wp:attachment":[{"href":"https:\/\/malgorzatanitek.pl\/index.php?rest_route=%2Fwp%2Fv2%2Fmedia&parent=651"}],"curies":[{"name":"wp","href":"https:\/\/api.w.org\/{rel}","templated":true}]}}